{"id":6209,"date":"2020-07-12T15:12:25","date_gmt":"2020-07-12T13:12:25","guid":{"rendered":"https:\/\/hausmarke-design.de\/dev\/jkconsulting\/?page_id=6209"},"modified":"2026-03-14T14:49:23","modified_gmt":"2026-03-14T13:49:23","slug":"erfolge-und-referenzen","status":"publish","type":"page","link":"https:\/\/j-k-consulting.de\/de_de\/erfolge-und-referenzen\/","title":{"rendered":"Erfolge und Referenzen"},"content":{"rendered":"\n\t\t<div id=\"gacp-gmp_knowhow\"  data-column-margin=\"default\" data-midnight=\"light\"  class=\"wpb_row vc_row-fluid vc_row full-width-content vc_row-o-equal-height vc_row-flex vc_row-o-content-top\"  style=\"padding-top: 0px; padding-bottom: 0px; \"><div class=\"row-bg-wrap\" data-bg-animation=\"none\" data-bg-animation-delay=\"\" data-bg-overlay=\"false\"><div class=\"inner-wrap row-bg-layer\" ><div class=\"row-bg viewport-desktop\"  style=\"\"><\/div><\/div><\/div><div class=\"row_col_wrap_12 col span_12 light left\">\n\t<div style=\"\" class=\"vc_col-sm-2\/5 wpb_column column_container vc_column_container col padding-5-percent inherit_tablet inherit_phone \" data-using-bg=\"true\" data-padding-pos=\"all\" data-has-bg-color=\"true\" data-bg-color=\"#f4f4f4\" data-bg-opacity=\"1\" data-animation=\"\" data-delay=\"0\" >\n\t\t<div class=\"vc_column-inner\" ><div class=\"column-bg-overlay-wrap column-bg-layer\" data-bg-animation=\"none\"><div class=\"column-bg-overlay\" style=\"opacity: 1; background-color: #f4f4f4;\"><\/div><\/div>\n\t\t\t<div class=\"wpb_wrapper\">\n\t\t\t\t<div id=\"fws_69e2ef1db50d1\" data-midnight=\"\" data-column-margin=\"default\" class=\"wpb_row vc_row-fluid vc_row inner_row\"  style=\"\"><div class=\"row-bg-wrap\"> <div class=\"row-bg\" ><\/div> <\/div><div class=\"row_col_wrap_12_inner col span_12  left\">\n\t<div  class=\"vc_col-sm-12 wpb_column column_container vc_column_container col child_column has-animation no-extra-padding inherit_tablet inherit_phone \"   data-padding-pos=\"all\" data-has-bg-color=\"false\" data-bg-color=\"\" data-bg-opacity=\"1\" data-animation=\"fade-in-from-bottom\" data-delay=\"0\" >\n\t\t<div class=\"vc_column-inner\" >\n\t\t<div class=\"wpb_wrapper\">\n\t\t\t\n<div class=\"wpb_text_column wpb_content_element \" >\n\t<h2><span style=\"color: #af0a77; font-family: ubuntu-regular;\">Projekte<\/span><\/h2>\n<\/div>\n\n\n\n\n<div class=\"wpb_text_column wpb_content_element \" >\n\t<p><span style=\"color: #000000; font-family: ibm-plex-regular; font-size: 14pt;\">Unsere vielf\u00e4ltigen Projekte in den verschiedenen Unternehmen basieren auf einer qualitativ hochwertigen Beratung. Wir nehmen uns Zeit f\u00fcr jeden einzelnen Kunden, um Herausforderungen genau zu analysieren und anschlie\u00dfend erfolgreich zu bearbeiten.<\/span><\/p>\n<p><span style=\"color: #000000; font-family: ibm-plex-regular; font-size: 14pt;\">Werfen Sie gerne einen Blick auf unsere Referenzen und Projektbeispiele.<\/span><\/p>\n<\/div>\n\n\n\n\n\t\t<\/div> \n\t<\/div>\n\t<\/div> \n<\/div><\/div>\n\t\t\t<\/div> \n\t\t<\/div>\n\t<\/div> \n\n\t<div style=\"\" class=\"vc_col-sm-3\/5 wpb_column column_container vc_column_container col padding-5-percent inherit_tablet inherit_phone \" data-using-bg=\"true\" data-padding-pos=\"all\" data-has-bg-color=\"true\" data-bg-color=\"#af0a77\" data-bg-opacity=\"1\" data-animation=\"\" data-delay=\"0\" >\n\t\t<div class=\"vc_column-inner\" ><div class=\"column-bg-overlay-wrap column-bg-layer\" data-bg-animation=\"none\"><div class=\"column-bg-overlay\" style=\"opacity: 1; background-color: #af0a77;\"><\/div><\/div>\n\t\t\t<div class=\"wpb_wrapper\">\n\t\t\t\t\n<div class=\"wpb_text_column wpb_content_element \" >\n\t<h2><span style=\"color: #ffffff; font-family: ubuntu-regular;\">Unternehmenserfolge<\/span><\/h2>\n<\/div>\n\n\n\n\n<div class=\"wpb_text_column wpb_content_element \" >\n\t<p><span style=\"color: #ffffff; font-family: ibm-plex-regular; font-size: 14pt;\">Alle Kunden, die wir seit 2009 unterst\u00fctzen durften, beauftragen uns seit dem kontinuierlich mit weiteren Projekten!<\/span><\/p>\n<p><span style=\"color: #ffffff; font-family: ibm-plex-regular; font-size: 14pt;\">Die J&amp;K Consulting GmbH ist seit 2009 erfolgreicher Projektpartner wenn es darum geht, anspruchsvolle Herausforderungen unserer Kunden zu l\u00f6sen und eine vollumf\u00e4ngliche und umsetzungsorientierte Unterst\u00fctzung bereitzustellen. Unser interdisziplin\u00e4res Team l\u00f6st heute anspruchsvolle Entwicklungsaufgaben im Parenteralbereich und entwickelt Businessprozesse f\u00fcr unsere internationalen Kunden. Unser Dienstleistungsansatz erfinden wir dabei nicht immer neu, sondern richten unser Handeln an den Bed\u00fcrfnissen unseren Kunden aus. Die Weiterentwicklung unserer Berater bietet uns eine stetig bessere Grundlage f\u00fcr neue Herausforderungen!<\/span><\/p>\n<p><span style=\"color: #ffffff; font-family: ibm-plex-regular; font-size: 14pt;\">Das zeichnet unseren Erfolg aus:<\/span><\/p>\n<ul>\n<li><span style=\"color: #ffffff; font-family: ibm-plex-regular; font-size: 14pt;\">Kompetenz<\/span><\/li>\n<li><span style=\"color: #ffffff; font-family: ibm-plex-regular; font-size: 14pt;\">Objektivit\u00e4t<\/span><\/li>\n<li><span style=\"color: #ffffff; font-family: ibm-plex-regular; font-size: 14pt;\">Qualit\u00e4t<\/span><\/li>\n<\/ul>\n<\/div>\n\n\n\n\n\t\t\t<\/div> \n\t\t<\/div>\n\t<\/div> \n<\/div><\/div>\n\t\t<div id=\"gmp\"  data-column-margin=\"default\" data-midnight=\"dark\"  class=\"wpb_row vc_row-fluid vc_row full-width-content vc_row-o-equal-height vc_row-flex vc_row-o-content-middle\"  style=\"padding-top: 0px; padding-bottom: 0px; \"><div class=\"row-bg-wrap\" data-bg-animation=\"none\" data-bg-animation-delay=\"\" data-bg-overlay=\"false\"><div class=\"inner-wrap row-bg-layer\" ><div class=\"row-bg viewport-desktop\"  style=\"\"><\/div><\/div><\/div><div class=\"row_col_wrap_12 col span_12 dark left\">\n\t<div style=\"\" class=\"vc_col-sm-2\/5 wpb_column column_container vc_column_container col padding-5-percent inherit_tablet inherit_phone \" data-using-bg=\"true\" data-padding-pos=\"all\" data-has-bg-color=\"true\" data-bg-color=\"#ffffff\" data-bg-opacity=\"1\" data-animation=\"\" data-delay=\"0\" >\n\t\t<div class=\"vc_column-inner\" ><div class=\"column-bg-overlay-wrap column-bg-layer\" data-bg-animation=\"none\"><div class=\"column-bg-overlay\" style=\"opacity: 1; background-color: #ffffff;\"><\/div><\/div>\n\t\t\t<div class=\"wpb_wrapper\">\n\t\t\t\t<div class=\"divider-wrap\" data-alignment=\"default\"><div style=\"height: 100px;\" class=\"divider\"><\/div><\/div>\n<div class=\"wpb_text_column wpb_content_element \" >\n\t<h2><span style=\"color: #af0a77; font-family: ubuntu-regular;\">Referenzen<\/span><b><\/b><\/h2>\n<\/div>\n\n\n\n\n<div class=\"wpb_text_column wpb_content_element \" >\n\t<p><span style=\"color: #000000; font-family: ibm-plex-regular; font-size: 14pt;\">F\u00fcr unsere Kunden immer inklusive:<\/span><\/p>\n<p><span style=\"color: #000000; font-family: ibm-plex-regular; font-size: 14pt;\">Beste Gesellschaft<\/span><\/p>\n<\/div>\n\n\n\n<div class=\"divider-wrap\" data-alignment=\"default\"><div style=\"height: 100px;\" class=\"divider\"><\/div><\/div>\n\t\t\t<\/div> \n\t\t<\/div>\n\t<\/div> \n\n\t<div style=\"\" class=\"vc_col-sm-3\/5 wpb_column column_container vc_column_container col padding-5-percent inherit_tablet inherit_phone \" data-using-bg=\"true\" data-padding-pos=\"all\" data-has-bg-color=\"true\" data-bg-color=\"#ffffff\" data-bg-opacity=\"1\" data-animation=\"\" data-delay=\"0\" >\n\t\t<div class=\"vc_column-inner\" ><div class=\"column-bg-overlay-wrap column-bg-layer\" data-bg-animation=\"none\"><div class=\"column-bg-overlay\" style=\"opacity: 1; background-color: #ffffff;\"><\/div><\/div>\n\t\t\t<div class=\"wpb_wrapper\">\n\t\t\t\t<div class=\"lshowcase-clear-both\">&nbsp;<\/div><div class=\"lshowcase-logos \"><div class='lshowcase-flex' ><div  data-entry-id='6240' class='lshowcase-thumb lshowcase-normal lshowcase-box-4 ls-referenzen '><div style=\"padding:5%;\" class=\"lshowcase-wrap-responsive\"><div data-entry-id=\"6240\" class=\"lshowcase-boxInner\"><img data-original-title='Bayer Healthcare' data-entry-id='6240' src='https:\/\/j-k-consulting.de\/wp-content\/uploads\/2020\/07\/J-K-Consulting_Referenzen_Bayer-Healthcare-200x133.png'  width='200'  height = '133'  alt='Bayer Healthcare' title='' class='lshowcase-thumb'  \/><\/div><\/div><\/div><div  data-entry-id='6231' class='lshowcase-thumb lshowcase-normal lshowcase-box-4 ls-referenzen '><div style=\"padding:5%;\" class=\"lshowcase-wrap-responsive\"><div data-entry-id=\"6231\" class=\"lshowcase-boxInner\"><img data-original-title='Brabender' data-entry-id='6231' src='https:\/\/j-k-consulting.de\/wp-content\/uploads\/2020\/07\/J-K-Consulting_Referenzen_Brabender-200x133.png'  width='200'  height = '133'  alt='Brabender' title='' class='lshowcase-thumb'  \/><\/div><\/div><\/div><div  data-entry-id='6237' class='lshowcase-thumb lshowcase-normal lshowcase-box-4 ls-referenzen '><div style=\"padding:5%;\" class=\"lshowcase-wrap-responsive\"><div data-entry-id=\"6237\" class=\"lshowcase-boxInner\"><img data-original-title='Dausch Technologies' data-entry-id='6237' src='https:\/\/j-k-consulting.de\/wp-content\/uploads\/2020\/07\/J-K-Consulting_Referenzen_Dausch-Technologies-200x133.png'  width='200'  height = '133'  alt='Dausch Technologies' title='' class='lshowcase-thumb'  \/><\/div><\/div><\/div><div  data-entry-id='6626' class='lshowcase-thumb lshowcase-normal lshowcase-box-4 ls-referenzen '><div style=\"padding:5%;\" class=\"lshowcase-wrap-responsive\"><div data-entry-id=\"6626\" class=\"lshowcase-boxInner\"><img data-original-title='Eurox Group' data-entry-id='6626' src='https:\/\/j-k-consulting.de\/wp-content\/uploads\/2020\/08\/JK-Consulting_References_Eurox-Group-200x133.png'  width='200'  height = '133'  alt='Eurox Group' title='' class='lshowcase-thumb'  \/><\/div><\/div><\/div><div  data-entry-id='6218' class='lshowcase-thumb lshowcase-normal lshowcase-box-4 ls-referenzen '><div style=\"padding:5%;\" class=\"lshowcase-wrap-responsive\"><div data-entry-id=\"6218\" class=\"lshowcase-boxInner\"><img data-original-title='Gr\u00fcnenthal' data-entry-id='6218' src='https:\/\/j-k-consulting.de\/wp-content\/uploads\/2020\/07\/J-K-Consulting_Referenzen_Gruenenthal-200x133.png'  width='200'  height = '133'  alt='Gr\u00fcnenthal' title='' class='lshowcase-thumb'  \/><\/div><\/div><\/div><div  data-entry-id='6239' class='lshowcase-thumb lshowcase-normal lshowcase-box-4 ls-referenzen '><div style=\"padding:5%;\" class=\"lshowcase-wrap-responsive\"><div data-entry-id=\"6239\" class=\"lshowcase-boxInner\"><img data-original-title='Klosterfrau' data-entry-id='6239' src='https:\/\/j-k-consulting.de\/wp-content\/uploads\/2020\/07\/J-K-Consulting_Referenzen_Klosterfrau-200x133.png'  width='200'  height = '133'  alt='Klosterfrau' title='' class='lshowcase-thumb'  \/><\/div><\/div><\/div><div  data-entry-id='6235' class='lshowcase-thumb lshowcase-normal lshowcase-box-4 ls-referenzen '><div style=\"padding:5%;\" class=\"lshowcase-wrap-responsive\"><div data-entry-id=\"6235\" class=\"lshowcase-boxInner\"><img data-original-title='Maag Group' data-entry-id='6235' src='https:\/\/j-k-consulting.de\/wp-content\/uploads\/2020\/07\/J-K-Consulting_Referenzen_Maag-Group-200x133.png'  width='200'  height = '133'  alt='Maag Group' title='' class='lshowcase-thumb'  \/><\/div><\/div><\/div><div  data-entry-id='6236' class='lshowcase-thumb lshowcase-normal lshowcase-box-4 ls-referenzen '><div style=\"padding:5%;\" class=\"lshowcase-wrap-responsive\"><div data-entry-id=\"6236\" class=\"lshowcase-boxInner\"><img data-original-title='Novartis' data-entry-id='6236' src='https:\/\/j-k-consulting.de\/wp-content\/uploads\/2020\/07\/J-K-Consulting_Referenzen_Novartis-200x133.png'  width='200'  height = '133'  alt='Novartis' title='' class='lshowcase-thumb'  \/><\/div><\/div><\/div><div  data-entry-id='6232' class='lshowcase-thumb lshowcase-normal lshowcase-box-4 ls-referenzen '><div style=\"padding:5%;\" class=\"lshowcase-wrap-responsive\"><div data-entry-id=\"6232\" class=\"lshowcase-boxInner\"><img data-original-title='Roche' data-entry-id='6232' src='https:\/\/j-k-consulting.de\/wp-content\/uploads\/2020\/07\/J-K-Consulting_Referenzen_Roche-200x133.png'  width='200'  height = '133'  alt='Roche' title='' class='lshowcase-thumb'  \/><\/div><\/div><\/div><div  data-entry-id='6233' class='lshowcase-thumb lshowcase-normal lshowcase-box-4 ls-referenzen '><div style=\"padding:5%;\" class=\"lshowcase-wrap-responsive\"><div data-entry-id=\"6233\" class=\"lshowcase-boxInner\"><img data-original-title='Sanofi' data-entry-id='6233' src='https:\/\/j-k-consulting.de\/wp-content\/uploads\/2020\/07\/J-K-Consulting_Referenzen_Sanofi-200x133.png'  width='200'  height = '133'  alt='Sanofi' title='' class='lshowcase-thumb'  \/><\/div><\/div><\/div><div  data-entry-id='6238' class='lshowcase-thumb lshowcase-normal lshowcase-box-4 ls-referenzen '><div style=\"padding:5%;\" class=\"lshowcase-wrap-responsive\"><div data-entry-id=\"6238\" class=\"lshowcase-boxInner\"><img data-original-title='Siemens' data-entry-id='6238' src='https:\/\/j-k-consulting.de\/wp-content\/uploads\/2020\/07\/J-K-Consulting_Referenzen_Siemens-200x133.png'  width='200'  height = '133'  alt='Siemens' title='' class='lshowcase-thumb'  \/><\/div><\/div><\/div><div  data-entry-id='6234' class='lshowcase-thumb lshowcase-normal lshowcase-box-4 ls-referenzen '><div style=\"padding:5%;\" class=\"lshowcase-wrap-responsive\"><div data-entry-id=\"6234\" class=\"lshowcase-boxInner\"><img data-original-title='Watson Marlow' data-entry-id='6234' src='https:\/\/j-k-consulting.de\/wp-content\/uploads\/2020\/07\/J-K-Consulting_Referenzen_Watson-Marlow-200x133.png'  width='200'  height = '133'  alt='Watson Marlow' title='' class='lshowcase-thumb'  \/><\/div><\/div><\/div><\/div><\/div><div class=\"lshowcase-clear-both\">&nbsp;<\/div>\n\t\t\t<\/div> \n\t\t<\/div>\n\t<\/div> \n<\/div><\/div>\n","protected":false},"excerpt":{"rendered":"","protected":false},"author":1,"featured_media":0,"parent":0,"menu_order":0,"comment_status":"closed","ping_status":"closed","template":"","meta":{"footnotes":""},"class_list":["post-6209","page","type-page","status-publish"],"yoast_head":"<!-- This site is optimized with the Yoast SEO plugin v27.4 - https:\/\/yoast.com\/product\/yoast-seo-wordpress\/ -->\n<title>Erfolge und Referenzen - J&amp;K Consulting<\/title>\n<meta name=\"robots\" content=\"index, follow, max-snippet:-1, max-image-preview:large, max-video-preview:-1\" \/>\n<link rel=\"canonical\" href=\"https:\/\/j-k-consulting.de\/de_de\/erfolge-und-referenzen\/\" \/>\n<meta property=\"og:locale\" content=\"de_DE\" \/>\n<meta property=\"og:type\" content=\"article\" \/>\n<meta property=\"og:title\" content=\"Erfolge und Referenzen - J&amp;K Consulting\" \/>\n<meta property=\"og:url\" content=\"https:\/\/j-k-consulting.de\/de_de\/erfolge-und-referenzen\/\" \/>\n<meta property=\"og:site_name\" content=\"J&amp;K Consulting\" \/>\n<meta property=\"article:publisher\" content=\"https:\/\/www.facebook.com\/JK-Consulting-GmbH-356173894883523\" \/>\n<meta property=\"article:modified_time\" content=\"2026-03-14T13:49:23+00:00\" \/>\n<meta name=\"twitter:card\" content=\"summary_large_image\" \/>\n<meta name=\"twitter:label1\" content=\"Gesch\u00e4tzte Lesezeit\" \/>\n\t<meta name=\"twitter:data1\" content=\"2\u00a0Minuten\" \/>\n<script type=\"application\/ld+json\" class=\"yoast-schema-graph\">{\"@context\":\"https:\\\/\\\/schema.org\",\"@graph\":[{\"@type\":\"WebPage\",\"@id\":\"https:\\\/\\\/j-k-consulting.de\\\/erfolge-und-referenzen\\\/\",\"url\":\"https:\\\/\\\/j-k-consulting.de\\\/erfolge-und-referenzen\\\/\",\"name\":\"Erfolge und Referenzen - J&amp;K Consulting\",\"isPartOf\":{\"@id\":\"https:\\\/\\\/j-k-consulting.de\\\/#website\"},\"datePublished\":\"2020-07-12T13:12:25+00:00\",\"dateModified\":\"2026-03-14T13:49:23+00:00\",\"breadcrumb\":{\"@id\":\"https:\\\/\\\/j-k-consulting.de\\\/erfolge-und-referenzen\\\/#breadcrumb\"},\"inLanguage\":\"de\",\"potentialAction\":[{\"@type\":\"ReadAction\",\"target\":[\"https:\\\/\\\/j-k-consulting.de\\\/erfolge-und-referenzen\\\/\"]}]},{\"@type\":\"BreadcrumbList\",\"@id\":\"https:\\\/\\\/j-k-consulting.de\\\/erfolge-und-referenzen\\\/#breadcrumb\",\"itemListElement\":[{\"@type\":\"ListItem\",\"position\":1,\"name\":\"Startseite\",\"item\":\"https:\\\/\\\/j-k-consulting.de\\\/\"},{\"@type\":\"ListItem\",\"position\":2,\"name\":\"Erfolge und Referenzen\"}]},{\"@type\":\"WebSite\",\"@id\":\"https:\\\/\\\/j-k-consulting.de\\\/#website\",\"url\":\"https:\\\/\\\/j-k-consulting.de\\\/\",\"name\":\"J&amp;K Consulting\",\"description\":\"Ihr cGxP-Experte\",\"publisher\":{\"@id\":\"https:\\\/\\\/j-k-consulting.de\\\/#organization\"},\"potentialAction\":[{\"@type\":\"SearchAction\",\"target\":{\"@type\":\"EntryPoint\",\"urlTemplate\":\"https:\\\/\\\/j-k-consulting.de\\\/?s={search_term_string}\"},\"query-input\":{\"@type\":\"PropertyValueSpecification\",\"valueRequired\":true,\"valueName\":\"search_term_string\"}}],\"inLanguage\":\"de\"},{\"@type\":\"Organization\",\"@id\":\"https:\\\/\\\/j-k-consulting.de\\\/#organization\",\"name\":\"J&K Consulting\",\"url\":\"https:\\\/\\\/j-k-consulting.de\\\/\",\"logo\":{\"@type\":\"ImageObject\",\"inLanguage\":\"de\",\"@id\":\"https:\\\/\\\/j-k-consulting.de\\\/#\\\/schema\\\/logo\\\/image\\\/\",\"url\":\"https:\\\/\\\/j-k-consulting.de\\\/wp-content\\\/uploads\\\/2021\\\/03\\\/JK-Consulting.png\",\"contentUrl\":\"https:\\\/\\\/j-k-consulting.de\\\/wp-content\\\/uploads\\\/2021\\\/03\\\/JK-Consulting.png\",\"width\":2278,\"height\":900,\"caption\":\"J&K Consulting\"},\"image\":{\"@id\":\"https:\\\/\\\/j-k-consulting.de\\\/#\\\/schema\\\/logo\\\/image\\\/\"},\"sameAs\":[\"https:\\\/\\\/www.facebook.com\\\/JK-Consulting-GmbH-356173894883523\"]}]}<\/script>\n<!-- \/ Yoast SEO plugin. -->","yoast_head_json":{"title":"Erfolge und Referenzen - J&amp;K Consulting","robots":{"index":"index","follow":"follow","max-snippet":"max-snippet:-1","max-image-preview":"max-image-preview:large","max-video-preview":"max-video-preview:-1"},"canonical":"https:\/\/j-k-consulting.de\/de_de\/erfolge-und-referenzen\/","og_locale":"de_DE","og_type":"article","og_title":"Erfolge und Referenzen - J&amp;K Consulting","og_url":"https:\/\/j-k-consulting.de\/de_de\/erfolge-und-referenzen\/","og_site_name":"J&amp;K Consulting","article_publisher":"https:\/\/www.facebook.com\/JK-Consulting-GmbH-356173894883523","article_modified_time":"2026-03-14T13:49:23+00:00","twitter_card":"summary_large_image","twitter_misc":{"Gesch\u00e4tzte Lesezeit":"2\u00a0Minuten"},"schema":{"@context":"https:\/\/schema.org","@graph":[{"@type":"WebPage","@id":"https:\/\/j-k-consulting.de\/erfolge-und-referenzen\/","url":"https:\/\/j-k-consulting.de\/erfolge-und-referenzen\/","name":"Erfolge und Referenzen - J&amp;K Consulting","isPartOf":{"@id":"https:\/\/j-k-consulting.de\/#website"},"datePublished":"2020-07-12T13:12:25+00:00","dateModified":"2026-03-14T13:49:23+00:00","breadcrumb":{"@id":"https:\/\/j-k-consulting.de\/erfolge-und-referenzen\/#breadcrumb"},"inLanguage":"de","potentialAction":[{"@type":"ReadAction","target":["https:\/\/j-k-consulting.de\/erfolge-und-referenzen\/"]}]},{"@type":"BreadcrumbList","@id":"https:\/\/j-k-consulting.de\/erfolge-und-referenzen\/#breadcrumb","itemListElement":[{"@type":"ListItem","position":1,"name":"Startseite","item":"https:\/\/j-k-consulting.de\/"},{"@type":"ListItem","position":2,"name":"Erfolge und Referenzen"}]},{"@type":"WebSite","@id":"https:\/\/j-k-consulting.de\/#website","url":"https:\/\/j-k-consulting.de\/","name":"J&amp;K Consulting","description":"Ihr cGxP-Experte","publisher":{"@id":"https:\/\/j-k-consulting.de\/#organization"},"potentialAction":[{"@type":"SearchAction","target":{"@type":"EntryPoint","urlTemplate":"https:\/\/j-k-consulting.de\/?s={search_term_string}"},"query-input":{"@type":"PropertyValueSpecification","valueRequired":true,"valueName":"search_term_string"}}],"inLanguage":"de"},{"@type":"Organization","@id":"https:\/\/j-k-consulting.de\/#organization","name":"J&K Consulting","url":"https:\/\/j-k-consulting.de\/","logo":{"@type":"ImageObject","inLanguage":"de","@id":"https:\/\/j-k-consulting.de\/#\/schema\/logo\/image\/","url":"https:\/\/j-k-consulting.de\/wp-content\/uploads\/2021\/03\/JK-Consulting.png","contentUrl":"https:\/\/j-k-consulting.de\/wp-content\/uploads\/2021\/03\/JK-Consulting.png","width":2278,"height":900,"caption":"J&K Consulting"},"image":{"@id":"https:\/\/j-k-consulting.de\/#\/schema\/logo\/image\/"},"sameAs":["https:\/\/www.facebook.com\/JK-Consulting-GmbH-356173894883523"]}]}},"_links":{"self":[{"href":"https:\/\/j-k-consulting.de\/de_de\/wp-json\/wp\/v2\/pages\/6209","targetHints":{"allow":["GET"]}}],"collection":[{"href":"https:\/\/j-k-consulting.de\/de_de\/wp-json\/wp\/v2\/pages"}],"about":[{"href":"https:\/\/j-k-consulting.de\/de_de\/wp-json\/wp\/v2\/types\/page"}],"author":[{"embeddable":true,"href":"https:\/\/j-k-consulting.de\/de_de\/wp-json\/wp\/v2\/users\/1"}],"replies":[{"embeddable":true,"href":"https:\/\/j-k-consulting.de\/de_de\/wp-json\/wp\/v2\/comments?post=6209"}],"version-history":[{"count":1,"href":"https:\/\/j-k-consulting.de\/de_de\/wp-json\/wp\/v2\/pages\/6209\/revisions"}],"predecessor-version":[{"id":7572,"href":"https:\/\/j-k-consulting.de\/de_de\/wp-json\/wp\/v2\/pages\/6209\/revisions\/7572"}],"wp:attachment":[{"href":"https:\/\/j-k-consulting.de\/de_de\/wp-json\/wp\/v2\/media?parent=6209"}],"curies":[{"name":"wp","href":"https:\/\/api.w.org\/{rel}","templated":true}]}}