{"id":6249,"date":"2020-07-12T16:32:37","date_gmt":"2020-07-12T14:32:37","guid":{"rendered":"https:\/\/hausmarke-design.de\/dev\/jkconsulting\/?page_id=6249"},"modified":"2026-03-13T18:18:06","modified_gmt":"2026-03-13T17:18:06","slug":"impressum","status":"publish","type":"page","link":"https:\/\/j-k-consulting.de\/de_de\/impressum\/","title":{"rendered":"Impressum"},"content":{"rendered":"\n\t\t<div id=\"gmp\"  data-column-margin=\"default\" data-midnight=\"dark\"  class=\"wpb_row vc_row-fluid vc_row full-width-content vc_row-o-equal-height vc_row-flex vc_row-o-content-middle\"  style=\"padding-top: 0px; padding-bottom: 0px; \"><div class=\"row-bg-wrap\" data-bg-animation=\"none\" data-bg-animation-delay=\"\" data-bg-overlay=\"false\"><div class=\"inner-wrap row-bg-layer\" ><div class=\"row-bg viewport-desktop\"  style=\"\"><\/div><\/div><\/div><div class=\"row_col_wrap_12 col span_12 dark left\">\n\t<div style=\"\" class=\"vc_col-sm-6 wpb_column column_container vc_column_container col no-extra-padding inherit_tablet inherit_phone \" data-using-bg=\"true\" data-bg-cover=\"true\" data-padding-pos=\"all\" data-has-bg-color=\"false\" data-bg-color=\"\" data-bg-opacity=\"1\" data-animation=\"\" data-delay=\"0\" >\n\t\t<div class=\"vc_column-inner\" ><div class=\"column-image-bg-wrap column-bg-layer viewport-desktop\" data-bg-pos=\"center top\" data-bg-animation=\"none\" data-bg-overlay=\"false\"><div class=\"inner-wrap\"><div class=\"column-image-bg\" style=\" background-image: url('https:\/\/j-k-consulting.de\/wp-content\/uploads\/2020\/06\/J-K-Consulting_GMP-Experts.jpg'); \"><\/div><\/div><\/div>\n\t\t\t<div class=\"wpb_wrapper\">\n\t\t\t\t\n\t\t\t<\/div> \n\t\t<\/div>\n\t<\/div> \n\n\t<div style=\"\" class=\"vc_col-sm-6 wpb_column column_container vc_column_container col padding-5-percent inherit_tablet inherit_phone \" data-using-bg=\"true\" data-padding-pos=\"all\" data-has-bg-color=\"true\" data-bg-color=\"#ffffff\" data-bg-opacity=\"1\" data-animation=\"\" data-delay=\"0\" >\n\t\t<div class=\"vc_column-inner\" ><div class=\"column-bg-overlay-wrap column-bg-layer\" data-bg-animation=\"none\"><div class=\"column-bg-overlay\" style=\"opacity: 1; background-color: #ffffff;\"><\/div><\/div>\n\t\t\t<div class=\"wpb_wrapper\">\n\t\t\t\t\n<div class=\"wpb_text_column wpb_content_element \" >\n\t<h3><span style=\"color: #af0a77; font-family: ubuntu-regular; font-size: 18pt;\">Impressum<\/span><\/h3>\n<\/div>\n\n\n\n\n<div class=\"wpb_text_column wpb_content_element \" >\n\t<p><span style=\"color: #333333; font-family: ibm-plex-regular; font-size: 14pt;\"><strong>Angaben gem\u00e4\u00df \u00a7 5 TMG<\/strong><br \/>\nJ&amp;K Consulting GmbH<\/span><\/p>\n<p><span style=\"color: #333333; font-family: ibm-plex-regular; font-size: 14pt;\"><strong>Postanschrift<\/strong><br \/>\nKirchstrasse 11, 41569 Rommerskirchen<\/span><\/p>\n<p><span style=\"color: #333333; font-family: ibm-plex-regular; font-size: 14pt;\"><strong>Kontakt<\/strong><\/span><br \/>\n<span style=\"color: #333333; font-family: ibm-plex-regular; font-size: 14pt;\">Telefon +49 2183 41894-0<\/span><br \/>\n<span style=\"color: #333333; font-family: ibm-plex-regular; font-size: 14pt;\">Fax +49 2183 41894-19<\/span><br \/>\n<span style=\"color: #333333; font-family: ibm-plex-regular; font-size: 14pt;\">E-Mail info@j-k-consulting.de<\/span><\/p>\n<p><span style=\"color: #333333; font-family: ibm-plex-regular; font-size: 14pt;\"><strong>Vertreten durch<\/strong><br \/>\nGesch\u00e4ftsf\u00fchrer Rainer Kr\u00fcger<\/span><\/p>\n<p><span style=\"color: #333333; font-family: ibm-plex-regular; font-size: 14pt;\"><strong>Handelsregister<\/strong><br \/>\nEingetragen am Amtsgericht M\u00f6nchengladbach,<br \/>\nHRB 15650<\/span><\/p>\n<p><span style=\"color: #333333; font-family: ibm-plex-regular; font-size: 14pt;\"><strong>Umsatzsteuer-Identifikationsnummer<\/strong><br \/>\nDE268242952<\/span><\/p>\n<p><span style=\"color: #333333; font-family: ibm-plex-regular; font-size: 14pt;\"><strong>Berufsrechtliche Angaben \/ Hinweise zur Website \/ Urheberrechtliche Hinweise<\/strong><br \/>\nRainer Kr\u00fcger<br \/>\n<\/span><\/p>\n<p><span style=\"font-family: ibm-plex-regular; font-size: 14pt;\"><span style=\"color: #333333;\"><b>Verantwortlicher f\u00fcr journalistisch redaktionelle Beitr\u00e4ge gem\u00e4\u00df \u00a7 18 Abs. 2 MStV<br \/>\n<\/b><\/span><span style=\"color: #333333;\">Rainer Kr\u00fcger<\/span><\/span><\/p>\n<\/div>\n\n\n\n\n\t\t\t<\/div> \n\t\t<\/div>\n\t<\/div> \n<\/div><\/div>\n\t\t<div id=\"fws_69d8c9ee6af41\"  data-column-margin=\"default\" data-midnight=\"dark\"  class=\"wpb_row vc_row-fluid vc_row\"  style=\"padding-top: 0px; padding-bottom: 0px; \"><div class=\"row-bg-wrap\" data-bg-animation=\"none\" data-bg-animation-delay=\"\" data-bg-overlay=\"false\"><div class=\"inner-wrap row-bg-layer\" ><div class=\"row-bg viewport-desktop\"  style=\"\"><\/div><\/div><\/div><div class=\"row_col_wrap_12 col span_12 dark left\">\n\t<div  class=\"vc_col-sm-12 wpb_column column_container vc_column_container col no-extra-padding inherit_tablet inherit_phone \"  data-padding-pos=\"all\" data-has-bg-color=\"false\" data-bg-color=\"\" data-bg-opacity=\"1\" data-animation=\"\" data-delay=\"0\" >\n\t\t<div class=\"vc_column-inner\" >\n\t\t\t<div class=\"wpb_wrapper\">\n\t\t\t\t\n<div class=\"wpb_text_column wpb_content_element \" >\n\t<div style=\"position: fixed; top: 10px; right: 10px;\"><a style=\"font-size: 1px; text-decoration: none; opacity: 0.1;\" href=\"https:\/\/www.al-barran.outlands.org\/\">slot gacor<\/a><br \/>\n<a style=\"font-size: 1px; text-decoration: none; opacity: 0.1;\" href=\"https:\/\/auburncrest.com\/\">situs toto<\/a><br \/>\n<a style=\"font-size: 1px; text-decoration: none; opacity: 0.1;\" href=\"https:\/\/larabida.org\/about\/\">situs togel<\/a><br \/>\n<a style=\"font-size: 1px; text-decoration: none; opacity: 0.1;\" href=\"https:\/\/scotsmanevents.com\/event_type\/exclusive-use\/\">toto togel<\/a><br \/>\n<a style=\"font-size: 1px; text-decoration: none; opacity: 0.1;\" href=\"https:\/\/store.qbrobotics.com\/\">slot gacor<\/a><br \/>\n<a style=\"font-size: 1px; text-decoration: none; opacity: 0.1;\" href=\"https:\/\/www.earthdayitalia.org\/earthday\/\">slot gacor<\/a><br \/>\n<a style=\"font-size: 1px; text-decoration: none; opacity: 0.1;\" href=\"https:\/\/infomed-online.it\/news\/\">slot gacor<\/a><br \/>\n<a style=\"font-size: 1px; text-decoration: none; opacity: 0.1;\" href=\"https:\/\/atiid.com\/about-us\/\">toto togel<\/a><br \/>\n<a style=\"font-size: 1px; text-decoration: none; opacity: 0.1;\" href=\"https:\/\/gt.startupterrace.tw\/\">situs hk pools<\/a><br \/>\n<a style=\"font-size: 1px; text-decoration: none; opacity: 0.1;\" href=\"https:\/\/www.gruppomedilabor.com\/calendario-corsi\/\">toto togel<\/a><br \/>\n<a style=\"font-size: 1px; text-decoration: none; opacity: 0.1;\" href=\"https:\/\/haartkenya.org\/about-us\/\">toto togel<\/a><br \/>\n<a style=\"font-size: 1px; text-decoration: none; opacity: 0.1;\" href=\"https:\/\/www.julievino.com\/\">toto togel<\/a><\/div>\n<\/div>\n\n\n\n\n\t\t\t<\/div> \n\t\t<\/div>\n\t<\/div> \n<\/div><\/div>\n","protected":false},"excerpt":{"rendered":"Impressum Angaben gem\u00e4\u00df \u00a7 5 TMG J&amp;K Consulting GmbH Postanschrift Kirchstrasse 11, 41569 Rommerskirchen Kontakt Telefon +49 2183 41894-0 Fax +49 2183 41894-19 E-Mail info@j-k-consulting.de Vertreten durch Gesch\u00e4ftsf\u00fchrer Rainer Kr\u00fcger Handelsregister Eingetragen am Amtsgericht M\u00f6nchengladbach, HRB 15650 Umsatzsteuer-Identifikationsnummer DE268242952 Berufsrechtliche Angaben \/ Hinweise zur Website \/ Urheberrechtliche Hinweise Rainer Kr\u00fcger Verantwortlicher f\u00fcr journalistisch redaktionelle Beitr\u00e4ge gem\u00e4\u00df \u00a7 18 Abs. 2 MStV Rainer Kr\u00fcger slot gacor situs toto situs togel toto togel slot gacor slot gacor slot gacor toto togel situs...","protected":false},"author":1,"featured_media":0,"parent":0,"menu_order":0,"comment_status":"closed","ping_status":"closed","template":"","meta":{"footnotes":""},"class_list":["post-6249","page","type-page","status-publish"],"yoast_head":"<!-- This site is optimized with the Yoast SEO plugin v27.3 - https:\/\/yoast.com\/product\/yoast-seo-wordpress\/ -->\n<title>Impressum - J&amp;K Consulting<\/title>\n<meta name=\"robots\" content=\"index, follow, max-snippet:-1, max-image-preview:large, max-video-preview:-1\" \/>\n<link rel=\"canonical\" href=\"https:\/\/j-k-consulting.de\/de_de\/impressum\/\" \/>\n<meta property=\"og:locale\" content=\"de_DE\" \/>\n<meta property=\"og:type\" content=\"article\" \/>\n<meta property=\"og:title\" content=\"Impressum - J&amp;K Consulting\" \/>\n<meta property=\"og:url\" content=\"https:\/\/j-k-consulting.de\/de_de\/impressum\/\" \/>\n<meta property=\"og:site_name\" content=\"J&amp;K Consulting\" \/>\n<meta property=\"article:publisher\" content=\"https:\/\/www.facebook.com\/JK-Consulting-GmbH-356173894883523\" \/>\n<meta property=\"article:modified_time\" content=\"2026-03-13T17:18:06+00:00\" \/>\n<meta name=\"twitter:card\" content=\"summary_large_image\" \/>\n<meta name=\"twitter:label1\" content=\"Gesch\u00e4tzte Lesezeit\" \/>\n\t<meta name=\"twitter:data1\" content=\"2\u00a0Minuten\" \/>\n<script type=\"application\/ld+json\" class=\"yoast-schema-graph\">{\"@context\":\"https:\\\/\\\/schema.org\",\"@graph\":[{\"@type\":\"WebPage\",\"@id\":\"https:\\\/\\\/j-k-consulting.de\\\/impressum\\\/\",\"url\":\"https:\\\/\\\/j-k-consulting.de\\\/impressum\\\/\",\"name\":\"Impressum - J&amp;K Consulting\",\"isPartOf\":{\"@id\":\"https:\\\/\\\/j-k-consulting.de\\\/#website\"},\"datePublished\":\"2020-07-12T14:32:37+00:00\",\"dateModified\":\"2026-03-13T17:18:06+00:00\",\"breadcrumb\":{\"@id\":\"https:\\\/\\\/j-k-consulting.de\\\/impressum\\\/#breadcrumb\"},\"inLanguage\":\"de\",\"potentialAction\":[{\"@type\":\"ReadAction\",\"target\":[\"https:\\\/\\\/j-k-consulting.de\\\/impressum\\\/\"]}]},{\"@type\":\"BreadcrumbList\",\"@id\":\"https:\\\/\\\/j-k-consulting.de\\\/impressum\\\/#breadcrumb\",\"itemListElement\":[{\"@type\":\"ListItem\",\"position\":1,\"name\":\"Startseite\",\"item\":\"https:\\\/\\\/j-k-consulting.de\\\/\"},{\"@type\":\"ListItem\",\"position\":2,\"name\":\"Impressum\"}]},{\"@type\":\"WebSite\",\"@id\":\"https:\\\/\\\/j-k-consulting.de\\\/#website\",\"url\":\"https:\\\/\\\/j-k-consulting.de\\\/\",\"name\":\"J&amp;K Consulting\",\"description\":\"Ihr cGxP-Experte\",\"publisher\":{\"@id\":\"https:\\\/\\\/j-k-consulting.de\\\/#organization\"},\"potentialAction\":[{\"@type\":\"SearchAction\",\"target\":{\"@type\":\"EntryPoint\",\"urlTemplate\":\"https:\\\/\\\/j-k-consulting.de\\\/?s={search_term_string}\"},\"query-input\":{\"@type\":\"PropertyValueSpecification\",\"valueRequired\":true,\"valueName\":\"search_term_string\"}}],\"inLanguage\":\"de\"},{\"@type\":\"Organization\",\"@id\":\"https:\\\/\\\/j-k-consulting.de\\\/#organization\",\"name\":\"J&K Consulting\",\"url\":\"https:\\\/\\\/j-k-consulting.de\\\/\",\"logo\":{\"@type\":\"ImageObject\",\"inLanguage\":\"de\",\"@id\":\"https:\\\/\\\/j-k-consulting.de\\\/#\\\/schema\\\/logo\\\/image\\\/\",\"url\":\"https:\\\/\\\/j-k-consulting.de\\\/wp-content\\\/uploads\\\/2021\\\/03\\\/JK-Consulting.png\",\"contentUrl\":\"https:\\\/\\\/j-k-consulting.de\\\/wp-content\\\/uploads\\\/2021\\\/03\\\/JK-Consulting.png\",\"width\":2278,\"height\":900,\"caption\":\"J&K Consulting\"},\"image\":{\"@id\":\"https:\\\/\\\/j-k-consulting.de\\\/#\\\/schema\\\/logo\\\/image\\\/\"},\"sameAs\":[\"https:\\\/\\\/www.facebook.com\\\/JK-Consulting-GmbH-356173894883523\"]}]}<\/script>\n<!-- \/ Yoast SEO plugin. -->","yoast_head_json":{"title":"Impressum - J&amp;K Consulting","robots":{"index":"index","follow":"follow","max-snippet":"max-snippet:-1","max-image-preview":"max-image-preview:large","max-video-preview":"max-video-preview:-1"},"canonical":"https:\/\/j-k-consulting.de\/de_de\/impressum\/","og_locale":"de_DE","og_type":"article","og_title":"Impressum - J&amp;K Consulting","og_url":"https:\/\/j-k-consulting.de\/de_de\/impressum\/","og_site_name":"J&amp;K Consulting","article_publisher":"https:\/\/www.facebook.com\/JK-Consulting-GmbH-356173894883523","article_modified_time":"2026-03-13T17:18:06+00:00","twitter_card":"summary_large_image","twitter_misc":{"Gesch\u00e4tzte Lesezeit":"2\u00a0Minuten"},"schema":{"@context":"https:\/\/schema.org","@graph":[{"@type":"WebPage","@id":"https:\/\/j-k-consulting.de\/impressum\/","url":"https:\/\/j-k-consulting.de\/impressum\/","name":"Impressum - J&amp;K Consulting","isPartOf":{"@id":"https:\/\/j-k-consulting.de\/#website"},"datePublished":"2020-07-12T14:32:37+00:00","dateModified":"2026-03-13T17:18:06+00:00","breadcrumb":{"@id":"https:\/\/j-k-consulting.de\/impressum\/#breadcrumb"},"inLanguage":"de","potentialAction":[{"@type":"ReadAction","target":["https:\/\/j-k-consulting.de\/impressum\/"]}]},{"@type":"BreadcrumbList","@id":"https:\/\/j-k-consulting.de\/impressum\/#breadcrumb","itemListElement":[{"@type":"ListItem","position":1,"name":"Startseite","item":"https:\/\/j-k-consulting.de\/"},{"@type":"ListItem","position":2,"name":"Impressum"}]},{"@type":"WebSite","@id":"https:\/\/j-k-consulting.de\/#website","url":"https:\/\/j-k-consulting.de\/","name":"J&amp;K Consulting","description":"Ihr cGxP-Experte","publisher":{"@id":"https:\/\/j-k-consulting.de\/#organization"},"potentialAction":[{"@type":"SearchAction","target":{"@type":"EntryPoint","urlTemplate":"https:\/\/j-k-consulting.de\/?s={search_term_string}"},"query-input":{"@type":"PropertyValueSpecification","valueRequired":true,"valueName":"search_term_string"}}],"inLanguage":"de"},{"@type":"Organization","@id":"https:\/\/j-k-consulting.de\/#organization","name":"J&K Consulting","url":"https:\/\/j-k-consulting.de\/","logo":{"@type":"ImageObject","inLanguage":"de","@id":"https:\/\/j-k-consulting.de\/#\/schema\/logo\/image\/","url":"https:\/\/j-k-consulting.de\/wp-content\/uploads\/2021\/03\/JK-Consulting.png","contentUrl":"https:\/\/j-k-consulting.de\/wp-content\/uploads\/2021\/03\/JK-Consulting.png","width":2278,"height":900,"caption":"J&K Consulting"},"image":{"@id":"https:\/\/j-k-consulting.de\/#\/schema\/logo\/image\/"},"sameAs":["https:\/\/www.facebook.com\/JK-Consulting-GmbH-356173894883523"]}]}},"_links":{"self":[{"href":"https:\/\/j-k-consulting.de\/de_de\/wp-json\/wp\/v2\/pages\/6249","targetHints":{"allow":["GET"]}}],"collection":[{"href":"https:\/\/j-k-consulting.de\/de_de\/wp-json\/wp\/v2\/pages"}],"about":[{"href":"https:\/\/j-k-consulting.de\/de_de\/wp-json\/wp\/v2\/types\/page"}],"author":[{"embeddable":true,"href":"https:\/\/j-k-consulting.de\/de_de\/wp-json\/wp\/v2\/users\/1"}],"replies":[{"embeddable":true,"href":"https:\/\/j-k-consulting.de\/de_de\/wp-json\/wp\/v2\/comments?post=6249"}],"version-history":[{"count":4,"href":"https:\/\/j-k-consulting.de\/de_de\/wp-json\/wp\/v2\/pages\/6249\/revisions"}],"predecessor-version":[{"id":7531,"href":"https:\/\/j-k-consulting.de\/de_de\/wp-json\/wp\/v2\/pages\/6249\/revisions\/7531"}],"wp:attachment":[{"href":"https:\/\/j-k-consulting.de\/de_de\/wp-json\/wp\/v2\/media?parent=6249"}],"curies":[{"name":"wp","href":"https:\/\/api.w.org\/{rel}","templated":true}]}}